{"id":61,"date":"2023-04-15T11:38:06","date_gmt":"2023-04-15T11:38:06","guid":{"rendered":"https:\/\/rb4xrm.fr\/?page_id=61"},"modified":"2025-08-19T15:47:40","modified_gmt":"2025-08-19T15:47:40","slug":"engagement-rse","status":"publish","type":"page","link":"https:\/\/rb4xrm.fr\/?page_id=61","title":{"rendered":"Notre engagement RSE"},"content":{"rendered":"\n<p class=\"has-medium-font-size\"><strong>Notre engagement en mati\u00e8re de RSE est concret, et se traduit par :<\/strong><\/p>\n\n\n\n<p class=\"has-medium-font-size\">Des prestations int\u00e9grant syst\u00e9matiquement une partie en \u00ab\u00a0M\u00e9c\u00e9nat de comp\u00e9tences\u00a0\u00bb<\/p>\n\n\n\n<p class=\"has-medium-font-size\">La mise en \u0153uvre de solution digitales pour aider nos Clients \u00e0 suivre et piloter leur politique RSE<\/p>\n","protected":false},"excerpt":{"rendered":"<p>Notre engagement en mati\u00e8re de RSE est concret, et se traduit par : Des prestations int\u00e9grant syst\u00e9matiquement une partie en [&hellip;]<\/p>\n","protected":false},"author":1,"featured_media":0,"parent":0,"menu_order":0,"comment_status":"closed","ping_status":"closed","template":"","meta":{"_uag_custom_page_level_css":"","site-sidebar-layout":"default","site-content-layout":"","ast-site-content-layout":"default","site-content-style":"default","site-sidebar-style":"default","ast-global-header-display":"","ast-banner-title-visibility":"","ast-main-header-display":"","ast-hfb-above-header-display":"","ast-hfb-below-header-display":"","ast-hfb-mobile-header-display":"","site-post-title":"","ast-breadcrumbs-content":"","ast-featured-img":"","footer-sml-layout":"","ast-disable-related-posts":"","theme-transparent-header-meta":"","adv-header-id-meta":"","stick-header-meta":"","header-above-stick-meta":"","header-main-stick-meta":"","header-below-stick-meta":"","astra-migrate-meta-layouts":"default","ast-page-background-enabled":"default","ast-page-background-meta":{"desktop":{"background-color":"var(--ast-global-color-5)","background-image":"","background-repeat":"repeat","background-position":"center center","background-size":"auto","background-attachment":"scroll","background-type":"","background-media":"","overlay-type":"","overlay-color":"","overlay-opacity":"","overlay-gradient":""},"tablet":{"background-color":"","background-image":"","background-repeat":"repeat","background-position":"center center","background-size":"auto","background-attachment":"scroll","background-type":"","background-media":"","overlay-type":"","overlay-color":"","overlay-opacity":"","overlay-gradient":""},"mobile":{"background-color":"","background-image":"","background-repeat":"repeat","background-position":"center center","background-size":"auto","background-attachment":"scroll","background-type":"","background-media":"","overlay-type":"","overlay-color":"","overlay-opacity":"","overlay-gradient":""}},"ast-content-background-meta":{"desktop":{"background-color":"var(--ast-global-color-4)","background-image":"","background-repeat":"repeat","background-position":"center center","background-size":"auto","background-attachment":"scroll","background-type":"","background-media":"","overlay-type":"","overlay-color":"","overlay-opacity":"","overlay-gradient":""},"tablet":{"background-color":"var(--ast-global-color-4)","background-image":"","background-repeat":"repeat","background-position":"center center","background-size":"auto","background-attachment":"scroll","background-type":"","background-media":"","overlay-type":"","overlay-color":"","overlay-opacity":"","overlay-gradient":""},"mobile":{"background-color":"var(--ast-global-color-4)","background-image":"","background-repeat":"repeat","background-position":"center center","background-size":"auto","background-attachment":"scroll","background-type":"","background-media":"","overlay-type":"","overlay-color":"","overlay-opacity":"","overlay-gradient":""}},"footnotes":""},"class_list":["post-61","page","type-page","status-publish","hentry"],"yoast_head":"<!-- This site is optimized with the Yoast SEO plugin v27.5 - https:\/\/yoast.com\/product\/yoast-seo-wordpress\/ -->\n<title>Notre engagement RSE - X Relationship Management<\/title>\n<meta name=\"robots\" content=\"index, follow, max-snippet:-1, max-image-preview:large, max-video-preview:-1\" \/>\n<link rel=\"canonical\" href=\"https:\/\/rb4xrm.fr\/?page_id=61\" \/>\n<meta property=\"og:locale\" content=\"fr_FR\" \/>\n<meta property=\"og:type\" content=\"article\" \/>\n<meta property=\"og:title\" content=\"Notre engagement RSE - X Relationship Management\" \/>\n<meta property=\"og:description\" content=\"Notre engagement en mati\u00e8re de RSE est concret, et se traduit par : Des prestations int\u00e9grant syst\u00e9matiquement une partie en [&hellip;]\" \/>\n<meta property=\"og:url\" content=\"https:\/\/rb4xrm.fr\/?page_id=61\" \/>\n<meta property=\"og:site_name\" content=\"X Relationship Management\" \/>\n<meta property=\"article:modified_time\" content=\"2025-08-19T15:47:40+00:00\" \/>\n<meta name=\"twitter:card\" content=\"summary_large_image\" \/>\n<meta name=\"twitter:label1\" content=\"Dur\u00e9e de lecture estim\u00e9e\" \/>\n\t<meta name=\"twitter:data1\" content=\"1 minute\" \/>\n<script type=\"application\/ld+json\" class=\"yoast-schema-graph\">{\"@context\":\"https:\\\/\\\/schema.org\",\"@graph\":[{\"@type\":\"WebPage\",\"@id\":\"https:\\\/\\\/rb4xrm.fr\\\/?page_id=61\",\"url\":\"https:\\\/\\\/rb4xrm.fr\\\/?page_id=61\",\"name\":\"Notre engagement RSE - X Relationship Management\",\"isPartOf\":{\"@id\":\"https:\\\/\\\/rb4xrm.fr\\\/#website\"},\"datePublished\":\"2023-04-15T11:38:06+00:00\",\"dateModified\":\"2025-08-19T15:47:40+00:00\",\"breadcrumb\":{\"@id\":\"https:\\\/\\\/rb4xrm.fr\\\/?page_id=61#breadcrumb\"},\"inLanguage\":\"fr-FR\",\"potentialAction\":[{\"@type\":\"ReadAction\",\"target\":[\"https:\\\/\\\/rb4xrm.fr\\\/?page_id=61\"]}]},{\"@type\":\"BreadcrumbList\",\"@id\":\"https:\\\/\\\/rb4xrm.fr\\\/?page_id=61#breadcrumb\",\"itemListElement\":[{\"@type\":\"ListItem\",\"position\":1,\"name\":\"Accueil\",\"item\":\"https:\\\/\\\/rb4xrm.fr\\\/\"},{\"@type\":\"ListItem\",\"position\":2,\"name\":\"Notre engagement RSE\"}]},{\"@type\":\"WebSite\",\"@id\":\"https:\\\/\\\/rb4xrm.fr\\\/#website\",\"url\":\"https:\\\/\\\/rb4xrm.fr\\\/\",\"name\":\"X Relationship Management\",\"description\":\"Expertise conseil CRM\",\"publisher\":{\"@id\":\"https:\\\/\\\/rb4xrm.fr\\\/#organization\"},\"potentialAction\":[{\"@type\":\"SearchAction\",\"target\":{\"@type\":\"EntryPoint\",\"urlTemplate\":\"https:\\\/\\\/rb4xrm.fr\\\/?s={search_term_string}\"},\"query-input\":{\"@type\":\"PropertyValueSpecification\",\"valueRequired\":true,\"valueName\":\"search_term_string\"}}],\"inLanguage\":\"fr-FR\"},{\"@type\":\"Organization\",\"@id\":\"https:\\\/\\\/rb4xrm.fr\\\/#organization\",\"name\":\"X Relationship Management\",\"url\":\"https:\\\/\\\/rb4xrm.fr\\\/\",\"logo\":{\"@type\":\"ImageObject\",\"inLanguage\":\"fr-FR\",\"@id\":\"https:\\\/\\\/rb4xrm.fr\\\/#\\\/schema\\\/logo\\\/image\\\/\",\"url\":\"https:\\\/\\\/rb4xrm.fr\\\/wp-content\\\/uploads\\\/2023\\\/04\\\/cropped-logo-du-site-xRM-2.jpeg\",\"contentUrl\":\"https:\\\/\\\/rb4xrm.fr\\\/wp-content\\\/uploads\\\/2023\\\/04\\\/cropped-logo-du-site-xRM-2.jpeg\",\"width\":1382,\"height\":525,\"caption\":\"X Relationship Management\"},\"image\":{\"@id\":\"https:\\\/\\\/rb4xrm.fr\\\/#\\\/schema\\\/logo\\\/image\\\/\"}}]}<\/script>\n<!-- \/ Yoast SEO plugin. -->","yoast_head_json":{"title":"Notre engagement RSE - X Relationship Management","robots":{"index":"index","follow":"follow","max-snippet":"max-snippet:-1","max-image-preview":"max-image-preview:large","max-video-preview":"max-video-preview:-1"},"canonical":"https:\/\/rb4xrm.fr\/?page_id=61","og_locale":"fr_FR","og_type":"article","og_title":"Notre engagement RSE - X Relationship Management","og_description":"Notre engagement en mati\u00e8re de RSE est concret, et se traduit par : Des prestations int\u00e9grant syst\u00e9matiquement une partie en [&hellip;]","og_url":"https:\/\/rb4xrm.fr\/?page_id=61","og_site_name":"X Relationship Management","article_modified_time":"2025-08-19T15:47:40+00:00","twitter_card":"summary_large_image","twitter_misc":{"Dur\u00e9e de lecture estim\u00e9e":"1 minute"},"schema":{"@context":"https:\/\/schema.org","@graph":[{"@type":"WebPage","@id":"https:\/\/rb4xrm.fr\/?page_id=61","url":"https:\/\/rb4xrm.fr\/?page_id=61","name":"Notre engagement RSE - X Relationship Management","isPartOf":{"@id":"https:\/\/rb4xrm.fr\/#website"},"datePublished":"2023-04-15T11:38:06+00:00","dateModified":"2025-08-19T15:47:40+00:00","breadcrumb":{"@id":"https:\/\/rb4xrm.fr\/?page_id=61#breadcrumb"},"inLanguage":"fr-FR","potentialAction":[{"@type":"ReadAction","target":["https:\/\/rb4xrm.fr\/?page_id=61"]}]},{"@type":"BreadcrumbList","@id":"https:\/\/rb4xrm.fr\/?page_id=61#breadcrumb","itemListElement":[{"@type":"ListItem","position":1,"name":"Accueil","item":"https:\/\/rb4xrm.fr\/"},{"@type":"ListItem","position":2,"name":"Notre engagement RSE"}]},{"@type":"WebSite","@id":"https:\/\/rb4xrm.fr\/#website","url":"https:\/\/rb4xrm.fr\/","name":"X Relationship Management","description":"Expertise conseil CRM","publisher":{"@id":"https:\/\/rb4xrm.fr\/#organization"},"potentialAction":[{"@type":"SearchAction","target":{"@type":"EntryPoint","urlTemplate":"https:\/\/rb4xrm.fr\/?s={search_term_string}"},"query-input":{"@type":"PropertyValueSpecification","valueRequired":true,"valueName":"search_term_string"}}],"inLanguage":"fr-FR"},{"@type":"Organization","@id":"https:\/\/rb4xrm.fr\/#organization","name":"X Relationship Management","url":"https:\/\/rb4xrm.fr\/","logo":{"@type":"ImageObject","inLanguage":"fr-FR","@id":"https:\/\/rb4xrm.fr\/#\/schema\/logo\/image\/","url":"https:\/\/rb4xrm.fr\/wp-content\/uploads\/2023\/04\/cropped-logo-du-site-xRM-2.jpeg","contentUrl":"https:\/\/rb4xrm.fr\/wp-content\/uploads\/2023\/04\/cropped-logo-du-site-xRM-2.jpeg","width":1382,"height":525,"caption":"X Relationship Management"},"image":{"@id":"https:\/\/rb4xrm.fr\/#\/schema\/logo\/image\/"}}]}},"uagb_featured_image_src":{"full":false,"thumbnail":false,"medium":false,"medium_large":false,"large":false,"1536x1536":false,"2048x2048":false},"uagb_author_info":{"display_name":"raphael","author_link":"https:\/\/rb4xrm.fr\/?author=1"},"uagb_comment_info":0,"uagb_excerpt":"Notre engagement en mati\u00e8re de RSE est concret, et se traduit par : Des prestations int\u00e9grant syst\u00e9matiquement une partie en [&hellip;]","_links":{"self":[{"href":"https:\/\/rb4xrm.fr\/index.php?rest_route=\/wp\/v2\/pages\/61","targetHints":{"allow":["GET"]}}],"collection":[{"href":"https:\/\/rb4xrm.fr\/index.php?rest_route=\/wp\/v2\/pages"}],"about":[{"href":"https:\/\/rb4xrm.fr\/index.php?rest_route=\/wp\/v2\/types\/page"}],"author":[{"embeddable":true,"href":"https:\/\/rb4xrm.fr\/index.php?rest_route=\/wp\/v2\/users\/1"}],"replies":[{"embeddable":true,"href":"https:\/\/rb4xrm.fr\/index.php?rest_route=%2Fwp%2Fv2%2Fcomments&post=61"}],"version-history":[{"count":7,"href":"https:\/\/rb4xrm.fr\/index.php?rest_route=\/wp\/v2\/pages\/61\/revisions"}],"predecessor-version":[{"id":316,"href":"https:\/\/rb4xrm.fr\/index.php?rest_route=\/wp\/v2\/pages\/61\/revisions\/316"}],"wp:attachment":[{"href":"https:\/\/rb4xrm.fr\/index.php?rest_route=%2Fwp%2Fv2%2Fmedia&parent=61"}],"curies":[{"name":"wp","href":"https:\/\/api.w.org\/{rel}","templated":true}]}}