{"id":3,"date":"2023-04-12T09:20:01","date_gmt":"2023-04-12T09:20:01","guid":{"rendered":"https:\/\/rb4xrm.fr\/?page_id=3"},"modified":"2025-08-19T15:54:49","modified_gmt":"2025-08-19T15:54:49","slug":"privacy-policy","status":"publish","type":"page","link":"https:\/\/rb4xrm.fr\/?page_id=3","title":{"rendered":"Politique de confidentialit\u00e9"},"content":{"rendered":"\n<p class=\"has-medium-font-size\">L\u2019adresse de notre site Web est: https:\/\/rb4xrm.fr.<\/p>\n\n\n\n<p class=\"has-medium-font-size\">Lorsque vous laissez des commentaires sur le site, nous recueillons les donn\u00e9es affich\u00e9es dans le formulaire de commentaires, ainsi que l\u2019adresse IP du visiteur pour aider \u00e0 la d\u00e9tection du spam.<br><br>Si vous laissez un commentaire sur notre site, vous pouvez choisir d\u2019enregistrer votre nom, votre adresse e-mail et votre site web dans des cookies. Ceci vous \u00e9vite de remplir \u00e0 nouveau vos coordonn\u00e9es lorsque vous laissez un autre commentaire. Ces cookies ont une dur\u00e9e de  1 an.<br><br>Si vous laissez un commentaire, le commentaire et ses m\u00e9tadonn\u00e9es sont conserv\u00e9s ind\u00e9finiment. Cela nous permet de reconna\u00eetre et d\u2019approuver automatiquement tous les commentaires de suivi.<br><br>Si vous avez laiss\u00e9 des commentaires, vous pouvez demander \u00e0 recevoir un fichier des donn\u00e9es que vous nous avez fournies. Vous pouvez \u00e9galement nous demander d\u2019effacer toutes les donn\u00e9es personnelles que nous d\u00e9tenons \u00e0 votre sujet. Cela n\u2019inclut pas les donn\u00e9es que nous sommes oblig\u00e9s de conserver \u00e0 des fins de s\u00e9curit\u00e9.<br><br>Les commentaires des visiteurs sont v\u00e9rifi\u00e9s via un service automatis\u00e9 de d\u00e9tection de spam.<\/p>\n","protected":false},"excerpt":{"rendered":"<p>L\u2019adresse de notre site Web est: https:\/\/rb4xrm.fr. Lorsque vous laissez des commentaires sur le site, nous recueillons les donn\u00e9es affich\u00e9es [&hellip;]<\/p>\n","protected":false},"author":1,"featured_media":0,"parent":0,"menu_order":0,"comment_status":"closed","ping_status":"closed","template":"","meta":{"_uag_custom_page_level_css":"","site-sidebar-layout":"default","site-content-layout":"","ast-site-content-layout":"default","site-content-style":"default","site-sidebar-style":"default","ast-global-header-display":"","ast-banner-title-visibility":"","ast-main-header-display":"","ast-hfb-above-header-display":"","ast-hfb-below-header-display":"","ast-hfb-mobile-header-display":"","site-post-title":"","ast-breadcrumbs-content":"","ast-featured-img":"","footer-sml-layout":"","ast-disable-related-posts":"","theme-transparent-header-meta":"","adv-header-id-meta":"","stick-header-meta":"","header-above-stick-meta":"","header-main-stick-meta":"","header-below-stick-meta":"","astra-migrate-meta-layouts":"default","ast-page-background-enabled":"default","ast-page-background-meta":{"desktop":{"background-color":"var(--ast-global-color-5)","background-image":"","background-repeat":"repeat","background-position":"center center","background-size":"auto","background-attachment":"scroll","background-type":"","background-media":"","overlay-type":"","overlay-color":"","overlay-opacity":"","overlay-gradient":""},"tablet":{"background-color":"","background-image":"","background-repeat":"repeat","background-position":"center center","background-size":"auto","background-attachment":"scroll","background-type":"","background-media":"","overlay-type":"","overlay-color":"","overlay-opacity":"","overlay-gradient":""},"mobile":{"background-color":"","background-image":"","background-repeat":"repeat","background-position":"center center","background-size":"auto","background-attachment":"scroll","background-type":"","background-media":"","overlay-type":"","overlay-color":"","overlay-opacity":"","overlay-gradient":""}},"ast-content-background-meta":{"desktop":{"background-color":"var(--ast-global-color-4)","background-image":"","background-repeat":"repeat","background-position":"center center","background-size":"auto","background-attachment":"scroll","background-type":"","background-media":"","overlay-type":"","overlay-color":"","overlay-opacity":"","overlay-gradient":""},"tablet":{"background-color":"var(--ast-global-color-4)","background-image":"","background-repeat":"repeat","background-position":"center center","background-size":"auto","background-attachment":"scroll","background-type":"","background-media":"","overlay-type":"","overlay-color":"","overlay-opacity":"","overlay-gradient":""},"mobile":{"background-color":"var(--ast-global-color-4)","background-image":"","background-repeat":"repeat","background-position":"center center","background-size":"auto","background-attachment":"scroll","background-type":"","background-media":"","overlay-type":"","overlay-color":"","overlay-opacity":"","overlay-gradient":""}},"footnotes":""},"class_list":["post-3","page","type-page","status-publish","hentry"],"yoast_head":"<!-- This site is optimized with the Yoast SEO plugin v27.5 - https:\/\/yoast.com\/product\/yoast-seo-wordpress\/ -->\n<title>Politique de confidentialit\u00e9 - X Relationship Management<\/title>\n<meta name=\"robots\" content=\"index, follow, max-snippet:-1, max-image-preview:large, max-video-preview:-1\" \/>\n<link rel=\"canonical\" href=\"https:\/\/rb4xrm.fr\/?page_id=3\" \/>\n<meta property=\"og:locale\" content=\"fr_FR\" \/>\n<meta property=\"og:type\" content=\"article\" \/>\n<meta property=\"og:title\" content=\"Politique de confidentialit\u00e9 - X Relationship Management\" \/>\n<meta property=\"og:description\" content=\"L\u2019adresse de notre site Web est: https:\/\/rb4xrm.fr. Lorsque vous laissez des commentaires sur le site, nous recueillons les donn\u00e9es affich\u00e9es [&hellip;]\" \/>\n<meta property=\"og:url\" content=\"https:\/\/rb4xrm.fr\/?page_id=3\" \/>\n<meta property=\"og:site_name\" content=\"X Relationship Management\" \/>\n<meta property=\"article:modified_time\" content=\"2025-08-19T15:54:49+00:00\" \/>\n<meta name=\"twitter:card\" content=\"summary_large_image\" \/>\n<meta name=\"twitter:label1\" content=\"Dur\u00e9e de lecture estim\u00e9e\" \/>\n\t<meta name=\"twitter:data1\" content=\"2 minutes\" \/>\n<script type=\"application\/ld+json\" class=\"yoast-schema-graph\">{\"@context\":\"https:\\\/\\\/schema.org\",\"@graph\":[{\"@type\":\"WebPage\",\"@id\":\"https:\\\/\\\/rb4xrm.fr\\\/?page_id=3\",\"url\":\"https:\\\/\\\/rb4xrm.fr\\\/?page_id=3\",\"name\":\"Politique de confidentialit\u00e9 - X Relationship Management\",\"isPartOf\":{\"@id\":\"https:\\\/\\\/rb4xrm.fr\\\/#website\"},\"datePublished\":\"2023-04-12T09:20:01+00:00\",\"dateModified\":\"2025-08-19T15:54:49+00:00\",\"breadcrumb\":{\"@id\":\"https:\\\/\\\/rb4xrm.fr\\\/?page_id=3#breadcrumb\"},\"inLanguage\":\"fr-FR\",\"potentialAction\":[{\"@type\":\"ReadAction\",\"target\":[\"https:\\\/\\\/rb4xrm.fr\\\/?page_id=3\"]}]},{\"@type\":\"BreadcrumbList\",\"@id\":\"https:\\\/\\\/rb4xrm.fr\\\/?page_id=3#breadcrumb\",\"itemListElement\":[{\"@type\":\"ListItem\",\"position\":1,\"name\":\"Accueil\",\"item\":\"https:\\\/\\\/rb4xrm.fr\\\/\"},{\"@type\":\"ListItem\",\"position\":2,\"name\":\"Politique de confidentialit\u00e9\"}]},{\"@type\":\"WebSite\",\"@id\":\"https:\\\/\\\/rb4xrm.fr\\\/#website\",\"url\":\"https:\\\/\\\/rb4xrm.fr\\\/\",\"name\":\"X Relationship Management\",\"description\":\"Expertise conseil CRM\",\"publisher\":{\"@id\":\"https:\\\/\\\/rb4xrm.fr\\\/#organization\"},\"potentialAction\":[{\"@type\":\"SearchAction\",\"target\":{\"@type\":\"EntryPoint\",\"urlTemplate\":\"https:\\\/\\\/rb4xrm.fr\\\/?s={search_term_string}\"},\"query-input\":{\"@type\":\"PropertyValueSpecification\",\"valueRequired\":true,\"valueName\":\"search_term_string\"}}],\"inLanguage\":\"fr-FR\"},{\"@type\":\"Organization\",\"@id\":\"https:\\\/\\\/rb4xrm.fr\\\/#organization\",\"name\":\"X Relationship Management\",\"url\":\"https:\\\/\\\/rb4xrm.fr\\\/\",\"logo\":{\"@type\":\"ImageObject\",\"inLanguage\":\"fr-FR\",\"@id\":\"https:\\\/\\\/rb4xrm.fr\\\/#\\\/schema\\\/logo\\\/image\\\/\",\"url\":\"https:\\\/\\\/rb4xrm.fr\\\/wp-content\\\/uploads\\\/2023\\\/04\\\/cropped-logo-du-site-xRM-2.jpeg\",\"contentUrl\":\"https:\\\/\\\/rb4xrm.fr\\\/wp-content\\\/uploads\\\/2023\\\/04\\\/cropped-logo-du-site-xRM-2.jpeg\",\"width\":1382,\"height\":525,\"caption\":\"X Relationship Management\"},\"image\":{\"@id\":\"https:\\\/\\\/rb4xrm.fr\\\/#\\\/schema\\\/logo\\\/image\\\/\"}}]}<\/script>\n<!-- \/ Yoast SEO plugin. -->","yoast_head_json":{"title":"Politique de confidentialit\u00e9 - X Relationship Management","robots":{"index":"index","follow":"follow","max-snippet":"max-snippet:-1","max-image-preview":"max-image-preview:large","max-video-preview":"max-video-preview:-1"},"canonical":"https:\/\/rb4xrm.fr\/?page_id=3","og_locale":"fr_FR","og_type":"article","og_title":"Politique de confidentialit\u00e9 - X Relationship Management","og_description":"L\u2019adresse de notre site Web est: https:\/\/rb4xrm.fr. Lorsque vous laissez des commentaires sur le site, nous recueillons les donn\u00e9es affich\u00e9es [&hellip;]","og_url":"https:\/\/rb4xrm.fr\/?page_id=3","og_site_name":"X Relationship Management","article_modified_time":"2025-08-19T15:54:49+00:00","twitter_card":"summary_large_image","twitter_misc":{"Dur\u00e9e de lecture estim\u00e9e":"2 minutes"},"schema":{"@context":"https:\/\/schema.org","@graph":[{"@type":"WebPage","@id":"https:\/\/rb4xrm.fr\/?page_id=3","url":"https:\/\/rb4xrm.fr\/?page_id=3","name":"Politique de confidentialit\u00e9 - X Relationship Management","isPartOf":{"@id":"https:\/\/rb4xrm.fr\/#website"},"datePublished":"2023-04-12T09:20:01+00:00","dateModified":"2025-08-19T15:54:49+00:00","breadcrumb":{"@id":"https:\/\/rb4xrm.fr\/?page_id=3#breadcrumb"},"inLanguage":"fr-FR","potentialAction":[{"@type":"ReadAction","target":["https:\/\/rb4xrm.fr\/?page_id=3"]}]},{"@type":"BreadcrumbList","@id":"https:\/\/rb4xrm.fr\/?page_id=3#breadcrumb","itemListElement":[{"@type":"ListItem","position":1,"name":"Accueil","item":"https:\/\/rb4xrm.fr\/"},{"@type":"ListItem","position":2,"name":"Politique de confidentialit\u00e9"}]},{"@type":"WebSite","@id":"https:\/\/rb4xrm.fr\/#website","url":"https:\/\/rb4xrm.fr\/","name":"X Relationship Management","description":"Expertise conseil CRM","publisher":{"@id":"https:\/\/rb4xrm.fr\/#organization"},"potentialAction":[{"@type":"SearchAction","target":{"@type":"EntryPoint","urlTemplate":"https:\/\/rb4xrm.fr\/?s={search_term_string}"},"query-input":{"@type":"PropertyValueSpecification","valueRequired":true,"valueName":"search_term_string"}}],"inLanguage":"fr-FR"},{"@type":"Organization","@id":"https:\/\/rb4xrm.fr\/#organization","name":"X Relationship Management","url":"https:\/\/rb4xrm.fr\/","logo":{"@type":"ImageObject","inLanguage":"fr-FR","@id":"https:\/\/rb4xrm.fr\/#\/schema\/logo\/image\/","url":"https:\/\/rb4xrm.fr\/wp-content\/uploads\/2023\/04\/cropped-logo-du-site-xRM-2.jpeg","contentUrl":"https:\/\/rb4xrm.fr\/wp-content\/uploads\/2023\/04\/cropped-logo-du-site-xRM-2.jpeg","width":1382,"height":525,"caption":"X Relationship Management"},"image":{"@id":"https:\/\/rb4xrm.fr\/#\/schema\/logo\/image\/"}}]}},"uagb_featured_image_src":{"full":false,"thumbnail":false,"medium":false,"medium_large":false,"large":false,"1536x1536":false,"2048x2048":false},"uagb_author_info":{"display_name":"raphael","author_link":"https:\/\/rb4xrm.fr\/?author=1"},"uagb_comment_info":0,"uagb_excerpt":"L\u2019adresse de notre site Web est: https:\/\/rb4xrm.fr. Lorsque vous laissez des commentaires sur le site, nous recueillons les donn\u00e9es affich\u00e9es [&hellip;]","_links":{"self":[{"href":"https:\/\/rb4xrm.fr\/index.php?rest_route=\/wp\/v2\/pages\/3","targetHints":{"allow":["GET"]}}],"collection":[{"href":"https:\/\/rb4xrm.fr\/index.php?rest_route=\/wp\/v2\/pages"}],"about":[{"href":"https:\/\/rb4xrm.fr\/index.php?rest_route=\/wp\/v2\/types\/page"}],"author":[{"embeddable":true,"href":"https:\/\/rb4xrm.fr\/index.php?rest_route=\/wp\/v2\/users\/1"}],"replies":[{"embeddable":true,"href":"https:\/\/rb4xrm.fr\/index.php?rest_route=%2Fwp%2Fv2%2Fcomments&post=3"}],"version-history":[{"count":7,"href":"https:\/\/rb4xrm.fr\/index.php?rest_route=\/wp\/v2\/pages\/3\/revisions"}],"predecessor-version":[{"id":318,"href":"https:\/\/rb4xrm.fr\/index.php?rest_route=\/wp\/v2\/pages\/3\/revisions\/318"}],"wp:attachment":[{"href":"https:\/\/rb4xrm.fr\/index.php?rest_route=%2Fwp%2Fv2%2Fmedia&parent=3"}],"curies":[{"name":"wp","href":"https:\/\/api.w.org\/{rel}","templated":true}]}}