{"id":2,"date":"2023-04-12T09:20:01","date_gmt":"2023-04-12T09:20:01","guid":{"rendered":"https:\/\/rb4xrm.fr\/?page_id=2"},"modified":"2025-07-06T17:10:05","modified_gmt":"2025-07-06T17:10:05","slug":"sample-page","status":"publish","type":"page","link":"https:\/\/rb4xrm.fr\/","title":{"rendered":"Qui sommes nous ?"},"content":{"rendered":"\n<p class=\"has-medium-font-size\">RB for xRM est une soci\u00e9t\u00e9 cr\u00e9\u00e9e en 2020, s&rsquo;appuyant sur une id\u00e9e simple : capitaliser plus de 20 ans d&rsquo;exp\u00e9rience dans la practice CRM  au b\u00e9n\u00e9fice de l&rsquo;optimisation de la relation avec les Personnes; notamment toute relation impactant la politique RSE des Entreprises.<br><br>D\u00e9finition xRM : x Relationship Management pour lequel x = [client, citoyen, usager, adh\u00e9rent, abonn\u00e9, \u00e9tudiant, patient, salari\u00e9, partenaire, sous-traitant, fournisseur etc.].<br><br>Ainsi, nous utilisons les technologies CRM pour am\u00e9liorer la relation entre l&rsquo;Organisation et les Personnes avec lesquelles celle-ci est en contact.<br><br>Soci\u00e9t\u00e9 par actions simplifi\u00e9e (SASU)<br>RCS Cr\u00e9teil 884 032 756<br>Conseil, mise en \u0153uvre et formation de solutions digitales.<\/p>\n","protected":false},"excerpt":{"rendered":"<p>RB for xRM est une soci\u00e9t\u00e9 cr\u00e9\u00e9e en 2020, s&rsquo;appuyant sur une id\u00e9e simple : capitaliser plus de 20 ans [&hellip;]<\/p>\n","protected":false},"author":1,"featured_media":0,"parent":0,"menu_order":0,"comment_status":"closed","ping_status":"closed","template":"","meta":{"_uag_custom_page_level_css":"","site-sidebar-layout":"default","site-content-layout":"","ast-site-content-layout":"default","site-content-style":"default","site-sidebar-style":"default","ast-global-header-display":"","ast-banner-title-visibility":"","ast-main-header-display":"","ast-hfb-above-header-display":"","ast-hfb-below-header-display":"","ast-hfb-mobile-header-display":"","site-post-title":"","ast-breadcrumbs-content":"","ast-featured-img":"","footer-sml-layout":"","ast-disable-related-posts":"","theme-transparent-header-meta":"","adv-header-id-meta":"","stick-header-meta":"","header-above-stick-meta":"","header-main-stick-meta":"","header-below-stick-meta":"","astra-migrate-meta-layouts":"default","ast-page-background-enabled":"default","ast-page-background-meta":{"desktop":{"background-color":"var(--ast-global-color-5)","background-image":"","background-repeat":"repeat","background-position":"center center","background-size":"auto","background-attachment":"scroll","background-type":"","background-media":"","overlay-type":"","overlay-color":"","overlay-opacity":"","overlay-gradient":""},"tablet":{"background-color":"","background-image":"","background-repeat":"repeat","background-position":"center center","background-size":"auto","background-attachment":"scroll","background-type":"","background-media":"","overlay-type":"","overlay-color":"","overlay-opacity":"","overlay-gradient":""},"mobile":{"background-color":"","background-image":"","background-repeat":"repeat","background-position":"center center","background-size":"auto","background-attachment":"scroll","background-type":"","background-media":"","overlay-type":"","overlay-color":"","overlay-opacity":"","overlay-gradient":""}},"ast-content-background-meta":{"desktop":{"background-color":"var(--ast-global-color-4)","background-image":"","background-repeat":"repeat","background-position":"center center","background-size":"auto","background-attachment":"scroll","background-type":"","background-media":"","overlay-type":"","overlay-color":"","overlay-opacity":"","overlay-gradient":""},"tablet":{"background-color":"var(--ast-global-color-4)","background-image":"","background-repeat":"repeat","background-position":"center center","background-size":"auto","background-attachment":"scroll","background-type":"","background-media":"","overlay-type":"","overlay-color":"","overlay-opacity":"","overlay-gradient":""},"mobile":{"background-color":"var(--ast-global-color-4)","background-image":"","background-repeat":"repeat","background-position":"center center","background-size":"auto","background-attachment":"scroll","background-type":"","background-media":"","overlay-type":"","overlay-color":"","overlay-opacity":"","overlay-gradient":""}},"footnotes":""},"class_list":["post-2","page","type-page","status-publish","hentry"],"yoast_head":"<!-- This site is optimized with the Yoast SEO plugin v27.5 - https:\/\/yoast.com\/product\/yoast-seo-wordpress\/ -->\n<title>Qui sommes nous ? - X Relationship Management<\/title>\n<meta name=\"robots\" content=\"index, follow, max-snippet:-1, max-image-preview:large, max-video-preview:-1\" \/>\n<link rel=\"canonical\" href=\"https:\/\/rb4xrm.fr\/\" \/>\n<meta property=\"og:locale\" content=\"fr_FR\" \/>\n<meta property=\"og:type\" content=\"article\" \/>\n<meta property=\"og:title\" content=\"Qui sommes nous ? - X Relationship Management\" \/>\n<meta property=\"og:description\" content=\"RB for xRM est une soci\u00e9t\u00e9 cr\u00e9\u00e9e en 2020, s&rsquo;appuyant sur une id\u00e9e simple : capitaliser plus de 20 ans [&hellip;]\" \/>\n<meta property=\"og:url\" content=\"https:\/\/rb4xrm.fr\/\" \/>\n<meta property=\"og:site_name\" content=\"X Relationship Management\" \/>\n<meta property=\"article:modified_time\" content=\"2025-07-06T17:10:05+00:00\" \/>\n<meta name=\"twitter:card\" content=\"summary_large_image\" \/>\n<meta name=\"twitter:label1\" content=\"Dur\u00e9e de lecture estim\u00e9e\" \/>\n\t<meta name=\"twitter:data1\" content=\"1 minute\" \/>\n<script type=\"application\/ld+json\" class=\"yoast-schema-graph\">{\"@context\":\"https:\\\/\\\/schema.org\",\"@graph\":[{\"@type\":\"WebPage\",\"@id\":\"https:\\\/\\\/rb4xrm.fr\\\/\",\"url\":\"https:\\\/\\\/rb4xrm.fr\\\/\",\"name\":\"Qui sommes nous ? - X Relationship Management\",\"isPartOf\":{\"@id\":\"https:\\\/\\\/rb4xrm.fr\\\/#website\"},\"datePublished\":\"2023-04-12T09:20:01+00:00\",\"dateModified\":\"2025-07-06T17:10:05+00:00\",\"breadcrumb\":{\"@id\":\"https:\\\/\\\/rb4xrm.fr\\\/#breadcrumb\"},\"inLanguage\":\"fr-FR\",\"potentialAction\":[{\"@type\":\"ReadAction\",\"target\":[\"https:\\\/\\\/rb4xrm.fr\\\/\"]}]},{\"@type\":\"BreadcrumbList\",\"@id\":\"https:\\\/\\\/rb4xrm.fr\\\/#breadcrumb\",\"itemListElement\":[{\"@type\":\"ListItem\",\"position\":1,\"name\":\"Accueil\",\"item\":\"https:\\\/\\\/rb4xrm.fr\\\/\"},{\"@type\":\"ListItem\",\"position\":2,\"name\":\"Qui sommes nous ?\"}]},{\"@type\":\"WebSite\",\"@id\":\"https:\\\/\\\/rb4xrm.fr\\\/#website\",\"url\":\"https:\\\/\\\/rb4xrm.fr\\\/\",\"name\":\"X Relationship Management\",\"description\":\"Expertise conseil CRM\",\"publisher\":{\"@id\":\"https:\\\/\\\/rb4xrm.fr\\\/#organization\"},\"potentialAction\":[{\"@type\":\"SearchAction\",\"target\":{\"@type\":\"EntryPoint\",\"urlTemplate\":\"https:\\\/\\\/rb4xrm.fr\\\/?s={search_term_string}\"},\"query-input\":{\"@type\":\"PropertyValueSpecification\",\"valueRequired\":true,\"valueName\":\"search_term_string\"}}],\"inLanguage\":\"fr-FR\"},{\"@type\":\"Organization\",\"@id\":\"https:\\\/\\\/rb4xrm.fr\\\/#organization\",\"name\":\"X Relationship Management\",\"url\":\"https:\\\/\\\/rb4xrm.fr\\\/\",\"logo\":{\"@type\":\"ImageObject\",\"inLanguage\":\"fr-FR\",\"@id\":\"https:\\\/\\\/rb4xrm.fr\\\/#\\\/schema\\\/logo\\\/image\\\/\",\"url\":\"https:\\\/\\\/rb4xrm.fr\\\/wp-content\\\/uploads\\\/2023\\\/04\\\/cropped-logo-du-site-xRM-2.jpeg\",\"contentUrl\":\"https:\\\/\\\/rb4xrm.fr\\\/wp-content\\\/uploads\\\/2023\\\/04\\\/cropped-logo-du-site-xRM-2.jpeg\",\"width\":1382,\"height\":525,\"caption\":\"X Relationship Management\"},\"image\":{\"@id\":\"https:\\\/\\\/rb4xrm.fr\\\/#\\\/schema\\\/logo\\\/image\\\/\"}}]}<\/script>\n<!-- \/ Yoast SEO plugin. -->","yoast_head_json":{"title":"Qui sommes nous ? - X Relationship Management","robots":{"index":"index","follow":"follow","max-snippet":"max-snippet:-1","max-image-preview":"max-image-preview:large","max-video-preview":"max-video-preview:-1"},"canonical":"https:\/\/rb4xrm.fr\/","og_locale":"fr_FR","og_type":"article","og_title":"Qui sommes nous ? - X Relationship Management","og_description":"RB for xRM est une soci\u00e9t\u00e9 cr\u00e9\u00e9e en 2020, s&rsquo;appuyant sur une id\u00e9e simple : capitaliser plus de 20 ans [&hellip;]","og_url":"https:\/\/rb4xrm.fr\/","og_site_name":"X Relationship Management","article_modified_time":"2025-07-06T17:10:05+00:00","twitter_card":"summary_large_image","twitter_misc":{"Dur\u00e9e de lecture estim\u00e9e":"1 minute"},"schema":{"@context":"https:\/\/schema.org","@graph":[{"@type":"WebPage","@id":"https:\/\/rb4xrm.fr\/","url":"https:\/\/rb4xrm.fr\/","name":"Qui sommes nous ? - X Relationship Management","isPartOf":{"@id":"https:\/\/rb4xrm.fr\/#website"},"datePublished":"2023-04-12T09:20:01+00:00","dateModified":"2025-07-06T17:10:05+00:00","breadcrumb":{"@id":"https:\/\/rb4xrm.fr\/#breadcrumb"},"inLanguage":"fr-FR","potentialAction":[{"@type":"ReadAction","target":["https:\/\/rb4xrm.fr\/"]}]},{"@type":"BreadcrumbList","@id":"https:\/\/rb4xrm.fr\/#breadcrumb","itemListElement":[{"@type":"ListItem","position":1,"name":"Accueil","item":"https:\/\/rb4xrm.fr\/"},{"@type":"ListItem","position":2,"name":"Qui sommes nous ?"}]},{"@type":"WebSite","@id":"https:\/\/rb4xrm.fr\/#website","url":"https:\/\/rb4xrm.fr\/","name":"X Relationship Management","description":"Expertise conseil CRM","publisher":{"@id":"https:\/\/rb4xrm.fr\/#organization"},"potentialAction":[{"@type":"SearchAction","target":{"@type":"EntryPoint","urlTemplate":"https:\/\/rb4xrm.fr\/?s={search_term_string}"},"query-input":{"@type":"PropertyValueSpecification","valueRequired":true,"valueName":"search_term_string"}}],"inLanguage":"fr-FR"},{"@type":"Organization","@id":"https:\/\/rb4xrm.fr\/#organization","name":"X Relationship Management","url":"https:\/\/rb4xrm.fr\/","logo":{"@type":"ImageObject","inLanguage":"fr-FR","@id":"https:\/\/rb4xrm.fr\/#\/schema\/logo\/image\/","url":"https:\/\/rb4xrm.fr\/wp-content\/uploads\/2023\/04\/cropped-logo-du-site-xRM-2.jpeg","contentUrl":"https:\/\/rb4xrm.fr\/wp-content\/uploads\/2023\/04\/cropped-logo-du-site-xRM-2.jpeg","width":1382,"height":525,"caption":"X Relationship Management"},"image":{"@id":"https:\/\/rb4xrm.fr\/#\/schema\/logo\/image\/"}}]}},"uagb_featured_image_src":{"full":false,"thumbnail":false,"medium":false,"medium_large":false,"large":false,"1536x1536":false,"2048x2048":false},"uagb_author_info":{"display_name":"raphael","author_link":"https:\/\/rb4xrm.fr\/?author=1"},"uagb_comment_info":0,"uagb_excerpt":"RB for xRM est une soci\u00e9t\u00e9 cr\u00e9\u00e9e en 2020, s&rsquo;appuyant sur une id\u00e9e simple : capitaliser plus de 20 ans [&hellip;]","_links":{"self":[{"href":"https:\/\/rb4xrm.fr\/index.php?rest_route=\/wp\/v2\/pages\/2","targetHints":{"allow":["GET"]}}],"collection":[{"href":"https:\/\/rb4xrm.fr\/index.php?rest_route=\/wp\/v2\/pages"}],"about":[{"href":"https:\/\/rb4xrm.fr\/index.php?rest_route=\/wp\/v2\/types\/page"}],"author":[{"embeddable":true,"href":"https:\/\/rb4xrm.fr\/index.php?rest_route=\/wp\/v2\/users\/1"}],"replies":[{"embeddable":true,"href":"https:\/\/rb4xrm.fr\/index.php?rest_route=%2Fwp%2Fv2%2Fcomments&post=2"}],"version-history":[{"count":21,"href":"https:\/\/rb4xrm.fr\/index.php?rest_route=\/wp\/v2\/pages\/2\/revisions"}],"predecessor-version":[{"id":297,"href":"https:\/\/rb4xrm.fr\/index.php?rest_route=\/wp\/v2\/pages\/2\/revisions\/297"}],"wp:attachment":[{"href":"https:\/\/rb4xrm.fr\/index.php?rest_route=%2Fwp%2Fv2%2Fmedia&parent=2"}],"curies":[{"name":"wp","href":"https:\/\/api.w.org\/{rel}","templated":true}]}}